{"id":13,"date":"2026-03-01T12:49:03","date_gmt":"2026-03-01T12:49:03","guid":{"rendered":"http:\/\/sylvaindelbecque.fr\/?page_id=13"},"modified":"2026-03-27T07:26:45","modified_gmt":"2026-03-27T06:26:45","slug":"home","status":"publish","type":"page","link":"https:\/\/sylvaindelbecque.fr\/","title":{"rendered":"Home"},"content":{"rendered":"\n<div class=\"wp-block-cover alignfull is-light hestia-clear-top-padding\"><span aria-hidden=\"true\" class=\"wp-block-cover__background has-white-background-color has-background-dim-100 has-background-dim\"><\/span><div class=\"wp-block-cover__inner-container is-layout-flow wp-block-cover-is-layout-flow\">\n<h2 class=\"wp-block-heading has-text-align-center has-text-color\" style=\"color:#3c4858\">Profil Professionnel<\/h2>\n\n\n\n<div style=\"height:40px\" aria-hidden=\"true\" class=\"wp-block-spacer\"><\/div>\n\n\n\n<div class=\"wp-block-columns container is-layout-flex wp-container-core-columns-is-layout-28f84493 wp-block-columns-is-layout-flex\">\n<div class=\"wp-block-column is-layout-flow wp-block-column-is-layout-flow\"><div class=\"wp-block-image\">\n<figure class=\"aligncenter size-full is-resized\"><img fetchpriority=\"high\" decoding=\"async\" width=\"609\" height=\"492\" src=\"https:\/\/sylvaindelbecque.fr\/wp-content\/uploads\/2026\/03\/5319207.jpg\" alt=\"\" class=\"wp-image-71\" style=\"aspect-ratio:1.2378928859257088;width:76px;height:auto\" srcset=\"https:\/\/sylvaindelbecque.fr\/wp-content\/uploads\/2026\/03\/5319207.jpg 609w, https:\/\/sylvaindelbecque.fr\/wp-content\/uploads\/2026\/03\/5319207-300x242.jpg 300w\" sizes=\"(max-width: 609px) 100vw, 609px\" \/><\/figure>\n<\/div>\n\n\n<h5 class=\"wp-block-heading has-text-align-center has-text-color\" style=\"color:#3c4858;font-size:18px\">E-commerce<\/h5>\n\n\n\n<p class=\"has-text-align-center has-text-color\" style=\"color:#999999;font-size:14px\">Conception et mise en ligne d\u2019un site<br>e-commerce structur\u00e9 pour soutenir le<br>d\u00e9veloppement commercial de l\u2019entreprise.<\/p>\n\n\n\n<div style=\"height:25px\" aria-hidden=\"true\" class=\"wp-block-spacer\"><\/div>\n<\/div>\n\n\n\n<div class=\"wp-block-column is-layout-flow wp-block-column-is-layout-flow\"><div class=\"wp-block-image\">\n<figure class=\"aligncenter size-large is-resized\"><img decoding=\"async\" width=\"741\" height=\"1024\" src=\"https:\/\/sylvaindelbecque.fr\/wp-content\/uploads\/2026\/03\/7889363-741x1024.jpg\" alt=\"\" class=\"wp-image-76\" style=\"aspect-ratio:0.7236594140825766;width:45px;height:auto\" srcset=\"https:\/\/sylvaindelbecque.fr\/wp-content\/uploads\/2026\/03\/7889363-741x1024.jpg 741w, https:\/\/sylvaindelbecque.fr\/wp-content\/uploads\/2026\/03\/7889363-217x300.jpg 217w, https:\/\/sylvaindelbecque.fr\/wp-content\/uploads\/2026\/03\/7889363-768x1061.jpg 768w, https:\/\/sylvaindelbecque.fr\/wp-content\/uploads\/2026\/03\/7889363-1112x1536.jpg 1112w, https:\/\/sylvaindelbecque.fr\/wp-content\/uploads\/2026\/03\/7889363.jpg 1344w\" sizes=\"(max-width: 741px) 100vw, 741px\" \/><\/figure>\n<\/div>\n\n\n<h5 class=\"wp-block-heading has-text-align-center has-text-color\" style=\"color:#3c4858;font-size:18px\">Identit\u00e9 Visuelle &amp; Packaging<\/h5>\n\n\n\n<p class=\"has-text-align-center has-text-color\" style=\"color:#999999;font-size:14px\">Travail en respect strict des chartes graphiques, contraintes techniques d\u2019impression et exigences retail.<\/p>\n\n\n\n<p class=\"has-text-align-center has-text-color\" style=\"color:#999999;font-size:14px\"><\/p>\n\n\n\n<div style=\"height:25px\" aria-hidden=\"true\" class=\"wp-block-spacer\"><\/div>\n<\/div>\n\n\n\n<div class=\"wp-block-column is-layout-flow wp-block-column-is-layout-flow\"><div class=\"wp-block-image\">\n<figure class=\"aligncenter size-large is-resized\"><img decoding=\"async\" width=\"934\" height=\"1024\" src=\"https:\/\/sylvaindelbecque.fr\/wp-content\/uploads\/2026\/03\/7889363255-1-934x1024.jpg\" alt=\"\" class=\"wp-image-78\" style=\"aspect-ratio:0.9121140142517815;width:57px;height:auto\" srcset=\"https:\/\/sylvaindelbecque.fr\/wp-content\/uploads\/2026\/03\/7889363255-1-934x1024.jpg 934w, https:\/\/sylvaindelbecque.fr\/wp-content\/uploads\/2026\/03\/7889363255-1-274x300.jpg 274w, https:\/\/sylvaindelbecque.fr\/wp-content\/uploads\/2026\/03\/7889363255-1-768x842.jpg 768w, https:\/\/sylvaindelbecque.fr\/wp-content\/uploads\/2026\/03\/7889363255-1-1401x1536.jpg 1401w, https:\/\/sylvaindelbecque.fr\/wp-content\/uploads\/2026\/03\/7889363255-1.jpg 1739w\" sizes=\"(max-width: 934px) 100vw, 934px\" \/><\/figure>\n<\/div>\n\n\n<h5 class=\"wp-block-heading has-text-align-center has-text-color\" style=\"color:#3c4858;font-size:18px\">Strat\u00e9gie digitale<\/h5>\n\n\n\n<p class=\"has-text-align-center has-text-color\" style=\"color:#999999;font-size:14px\">D\u00e9finition et pilotage de la strat\u00e9gie digitale globale : cr\u00e9ation du site e-commerce, gestion des campagnes Meta Ads et animation des r\u00e9seaux sociaux<\/p>\n\n\n\n<div style=\"height:25px\" aria-hidden=\"true\" class=\"wp-block-spacer\"><\/div>\n<\/div>\n<\/div>\n\n\n\n<div style=\"height:40px\" aria-hidden=\"true\" class=\"wp-block-spacer\"><\/div>\n<\/div><\/div>\n\n\n\n<div class=\"wp-block-columns container is-layout-flex wp-container-core-columns-is-layout-28f84493 wp-block-columns-is-layout-flex\">\n<div class=\"wp-block-column col-md-5 is-layout-flow wp-block-column-is-layout-flow\">\n<div style=\"height:55px\" aria-hidden=\"true\" class=\"wp-block-spacer\"><\/div>\n\n\n\n<h2 class=\"wp-block-heading\">\u00c0 propos de moi<\/h2>\n\n\n\n<p>Professionnel de la communication digitale et du d\u00e9veloppement produit en PME, j\u2019accompagne la cr\u00e9ation et la structuration de marques \u00e0 travers la strat\u00e9gie digitale, le packaging et l\u2019acquisition client.<\/p>\n\n\n\n<p>Mon approche combine cr\u00e9ativit\u00e9, rigueur technique et vision business.<\/p>\n<\/div>\n\n\n\n<div class=\"wp-block-column col-md-6 col-md-offset1 is-layout-flow wp-block-column-is-layout-flow\">\n<div style=\"height:55px\" aria-hidden=\"true\" class=\"wp-block-spacer\"><\/div>\n\n\n\n<figure class=\"wp-block-image size-large\"><img loading=\"lazy\" decoding=\"async\" width=\"1024\" height=\"669\" src=\"https:\/\/sylvaindelbecque.fr\/wp-content\/uploads\/2026\/03\/Block-strategie-digitale-page2-1024x669.jpg\" alt=\"\" class=\"wp-image-56\" srcset=\"https:\/\/sylvaindelbecque.fr\/wp-content\/uploads\/2026\/03\/Block-strategie-digitale-page2-1024x669.jpg 1024w, https:\/\/sylvaindelbecque.fr\/wp-content\/uploads\/2026\/03\/Block-strategie-digitale-page2-300x196.jpg 300w, https:\/\/sylvaindelbecque.fr\/wp-content\/uploads\/2026\/03\/Block-strategie-digitale-page2-768x502.jpg 768w, https:\/\/sylvaindelbecque.fr\/wp-content\/uploads\/2026\/03\/Block-strategie-digitale-page2-1536x1003.jpg 1536w, https:\/\/sylvaindelbecque.fr\/wp-content\/uploads\/2026\/03\/Block-strategie-digitale-page2-2048x1337.jpg 2048w\" sizes=\"(max-width: 1024px) 100vw, 1024px\" \/><\/figure>\n\n\n\n<figure class=\"wp-block-image size-large\"><img loading=\"lazy\" decoding=\"async\" width=\"1024\" height=\"124\" src=\"https:\/\/sylvaindelbecque.fr\/wp-content\/uploads\/2026\/03\/logos-presta-adobe-1024x124.png\" alt=\"\" class=\"wp-image-148\" srcset=\"https:\/\/sylvaindelbecque.fr\/wp-content\/uploads\/2026\/03\/logos-presta-adobe-1024x124.png 1024w, https:\/\/sylvaindelbecque.fr\/wp-content\/uploads\/2026\/03\/logos-presta-adobe-300x36.png 300w, https:\/\/sylvaindelbecque.fr\/wp-content\/uploads\/2026\/03\/logos-presta-adobe-768x93.png 768w, https:\/\/sylvaindelbecque.fr\/wp-content\/uploads\/2026\/03\/logos-presta-adobe.png 1176w\" sizes=\"(max-width: 1024px) 100vw, 1024px\" \/><\/figure>\n<\/div>\n<\/div>\n\n\n\n<p><\/p>\n","protected":false},"excerpt":{"rendered":"<p>\u00c0 propos de moi Professionnel de la communication digitale et du d\u00e9veloppement produit en PME, j\u2019accompagne la cr\u00e9ation et la structuration de marques \u00e0 travers la strat\u00e9gie digitale, le packaging et l\u2019acquisition client. Mon approche combine cr\u00e9ativit\u00e9, rigueur technique et vision business.<\/p>\n","protected":false},"author":1,"featured_media":49,"parent":0,"menu_order":0,"comment_status":"closed","ping_status":"closed","template":"","meta":{"footnotes":""},"class_list":["post-13","page","type-page","status-publish","has-post-thumbnail","hentry"],"_links":{"self":[{"href":"https:\/\/sylvaindelbecque.fr\/index.php?rest_route=\/wp\/v2\/pages\/13","targetHints":{"allow":["GET"]}}],"collection":[{"href":"https:\/\/sylvaindelbecque.fr\/index.php?rest_route=\/wp\/v2\/pages"}],"about":[{"href":"https:\/\/sylvaindelbecque.fr\/index.php?rest_route=\/wp\/v2\/types\/page"}],"author":[{"embeddable":true,"href":"https:\/\/sylvaindelbecque.fr\/index.php?rest_route=\/wp\/v2\/users\/1"}],"replies":[{"embeddable":true,"href":"https:\/\/sylvaindelbecque.fr\/index.php?rest_route=%2Fwp%2Fv2%2Fcomments&post=13"}],"version-history":[{"count":13,"href":"https:\/\/sylvaindelbecque.fr\/index.php?rest_route=\/wp\/v2\/pages\/13\/revisions"}],"predecessor-version":[{"id":193,"href":"https:\/\/sylvaindelbecque.fr\/index.php?rest_route=\/wp\/v2\/pages\/13\/revisions\/193"}],"wp:featuredmedia":[{"embeddable":true,"href":"https:\/\/sylvaindelbecque.fr\/index.php?rest_route=\/wp\/v2\/media\/49"}],"wp:attachment":[{"href":"https:\/\/sylvaindelbecque.fr\/index.php?rest_route=%2Fwp%2Fv2%2Fmedia&parent=13"}],"curies":[{"name":"wp","href":"https:\/\/api.w.org\/{rel}","templated":true}]}}